{"id":25444,"date":"2021-06-12T06:25:44","date_gmt":"2021-06-12T06:25:44","guid":{"rendered":"https:\/\/admprosyndic.com.br\/?page_id=25444"},"modified":"2022-11-18T09:58:26","modified_gmt":"2022-11-18T12:58:26","slug":"services","status":"publish","type":"page","link":"https:\/\/admprosyndic.com.br\/?page_id=25444","title":{"rendered":"Services"},"content":{"rendered":"\t\t<div data-elementor-type=\"wp-page\" data-elementor-id=\"25444\" class=\"elementor elementor-25444\">\n\t\t\t\t\t\t\t\t\t<section class=\"elementor-section elementor-top-section elementor-element elementor-element-623ea53 elementor-section-boxed elementor-section-height-default elementor-section-height-default\" data-id=\"623ea53\" data-element_type=\"section\" data-settings=\"{&quot;background_background&quot;:&quot;classic&quot;}\">\n\t\t\t\t\t\t\t<div class=\"elementor-background-overlay\"><\/div>\n\t\t\t\t\t\t\t<div class=\"elementor-container elementor-column-gap-no\">\n\t\t\t\t\t<div class=\"elementor-column elementor-col-100 elementor-top-column elementor-element elementor-element-21ddeff\" data-id=\"21ddeff\" data-element_type=\"column\">\n\t\t\t<div class=\"elementor-widget-wrap elementor-element-populated\">\n\t\t\t\t\t\t\t\t<div class=\"elementor-element elementor-element-a09d3bc elementor-widget elementor-widget-heading\" data-id=\"a09d3bc\" data-element_type=\"widget\" data-widget_type=\"heading.default\">\n\t\t\t\t<div class=\"elementor-widget-container\">\n\t\t\t<style>\/*! elementor - v3.7.8 - 02-10-2022 *\/\n.elementor-heading-title{padding:0;margin:0;line-height:1}.elementor-widget-heading .elementor-heading-title[class*=elementor-size-]>a{color:inherit;font-size:inherit;line-height:inherit}.elementor-widget-heading .elementor-heading-title.elementor-size-small{font-size:15px}.elementor-widget-heading .elementor-heading-title.elementor-size-medium{font-size:19px}.elementor-widget-heading .elementor-heading-title.elementor-size-large{font-size:29px}.elementor-widget-heading .elementor-heading-title.elementor-size-xl{font-size:39px}.elementor-widget-heading .elementor-heading-title.elementor-size-xxl{font-size:59px}<\/style><h1 class=\"elementor-heading-title elementor-size-default\">Servi\u00e7os<\/h1>\t\t<\/div>\n\t\t\t\t<\/div>\n\t\t\t\t\t<\/div>\n\t\t<\/div>\n\t\t\t\t\t\t\t<\/div>\n\t\t<\/section>\n\t\t\t\t<section class=\"elementor-section elementor-top-section elementor-element elementor-element-e6eecd6 elementor-section-boxed elementor-section-height-default elementor-section-height-default\" data-id=\"e6eecd6\" data-element_type=\"section\" data-settings=\"{&quot;background_background&quot;:&quot;classic&quot;}\">\n\t\t\t\t\t\t\t<div class=\"elementor-background-overlay\"><\/div>\n\t\t\t\t\t\t\t<div class=\"elementor-container elementor-column-gap-no\">\n\t\t\t\t\t<div class=\"elementor-column elementor-col-100 elementor-top-column elementor-element elementor-element-75764c5\" data-id=\"75764c5\" data-element_type=\"column\">\n\t\t\t<div class=\"elementor-widget-wrap elementor-element-populated\">\n\t\t\t\t\t\t\t\t<div class=\"elementor-element elementor-element-a3030da elementor-widget elementor-widget-heading\" data-id=\"a3030da\" data-element_type=\"widget\" data-widget_type=\"heading.default\">\n\t\t\t\t<div class=\"elementor-widget-container\">\n\t\t\t<h6 class=\"elementor-heading-title elementor-size-default\">M\u00f3dulos<\/h6>\t\t<\/div>\n\t\t\t\t<\/div>\n\t\t\t\t<div class=\"elementor-element elementor-element-1dbc89b elementor-widget elementor-widget-heading\" data-id=\"1dbc89b\" data-element_type=\"widget\" data-widget_type=\"heading.default\">\n\t\t\t\t<div class=\"elementor-widget-container\">\n\t\t\t<h2 class=\"elementor-heading-title elementor-size-default\">Nossos m\u00f3dulos s\u00e3o montados de acordo com a sua necessidade<\/h2>\t\t<\/div>\n\t\t\t\t<\/div>\n\t\t\t\t<div class=\"elementor-element elementor-element-b9529bc elementor-widget__width-initial elementor-widget-tablet__width-initial elementor-widget-mobile__width-inherit elementor-position-top elementor-vertical-align-top elementor-widget elementor-widget-image-box\" data-id=\"b9529bc\" data-element_type=\"widget\" data-widget_type=\"image-box.default\">\n\t\t\t\t<div class=\"elementor-widget-container\">\n\t\t\t<style>\/*! elementor - v3.7.8 - 02-10-2022 *\/\n.elementor-widget-image-box .elementor-image-box-content{width:100%}@media (min-width:768px){.elementor-widget-image-box.elementor-position-left .elementor-image-box-wrapper,.elementor-widget-image-box.elementor-position-right .elementor-image-box-wrapper{display:-webkit-box;display:-ms-flexbox;display:flex}.elementor-widget-image-box.elementor-position-right .elementor-image-box-wrapper{text-align:right;-webkit-box-orient:horizontal;-webkit-box-direction:reverse;-ms-flex-direction:row-reverse;flex-direction:row-reverse}.elementor-widget-image-box.elementor-position-left .elementor-image-box-wrapper{text-align:left;-webkit-box-orient:horizontal;-webkit-box-direction:normal;-ms-flex-direction:row;flex-direction:row}.elementor-widget-image-box.elementor-position-top .elementor-image-box-img{margin:auto}.elementor-widget-image-box.elementor-vertical-align-top .elementor-image-box-wrapper{-webkit-box-align:start;-ms-flex-align:start;align-items:flex-start}.elementor-widget-image-box.elementor-vertical-align-middle .elementor-image-box-wrapper{-webkit-box-align:center;-ms-flex-align:center;align-items:center}.elementor-widget-image-box.elementor-vertical-align-bottom .elementor-image-box-wrapper{-webkit-box-align:end;-ms-flex-align:end;align-items:flex-end}}@media (max-width:767px){.elementor-widget-image-box .elementor-image-box-img{margin-left:auto!important;margin-right:auto!important;margin-bottom:15px}}.elementor-widget-image-box .elementor-image-box-img{display:inline-block}.elementor-widget-image-box .elementor-image-box-title a{color:inherit}.elementor-widget-image-box .elementor-image-box-wrapper{text-align:center}.elementor-widget-image-box .elementor-image-box-description{margin:0}<\/style><div class=\"elementor-image-box-wrapper\"><figure class=\"elementor-image-box-img\"><img loading=\"lazy\" decoding=\"async\" width=\"600\" height=\"341\" src=\"https:\/\/admprosyndic.com.br\/wp-content\/uploads\/2022\/11\/ASSEMBLEIA.png\" class=\"attachment-full size-full\" alt=\"\" \/><\/figure><div class=\"elementor-image-box-content\"><h4 class=\"elementor-image-box-title\">Gest\u00e3o Administrativa<\/h4><p class=\"elementor-image-box-description\">Assessoria personalizada ao s\u00edndico(a)\/presidente e aos cond\u00f4minos\/associados no que diz respeito \u00e0s obriga\u00e7\u00f5es de sua compet\u00eancia estipuladas pela Conven\u00e7\u00e3o de Condom\u00ednio e legisla\u00e7\u00f5es pertinentes.<\/p><\/div><\/div>\t\t<\/div>\n\t\t\t\t<\/div>\n\t\t\t\t<div class=\"elementor-element elementor-element-1ee8e7c elementor-widget__width-initial elementor-widget-tablet__width-initial elementor-widget-mobile__width-inherit elementor-position-top elementor-vertical-align-top elementor-widget elementor-widget-image-box\" data-id=\"1ee8e7c\" data-element_type=\"widget\" data-widget_type=\"image-box.default\">\n\t\t\t\t<div class=\"elementor-widget-container\">\n\t\t\t<div class=\"elementor-image-box-wrapper\"><figure class=\"elementor-image-box-img\"><img loading=\"lazy\" decoding=\"async\" width=\"600\" height=\"341\" src=\"https:\/\/admprosyndic.com.br\/wp-content\/uploads\/2022\/11\/GFINANCEIROS.png\" class=\"attachment-full size-full\" alt=\"\" \/><\/figure><div class=\"elementor-image-box-content\"><h4 class=\"elementor-image-box-title\">Gest\u00e3o Financeira<\/h4><p class=\"elementor-image-box-description\">Com avalia\u00e7\u00e3o e controle das receitas e despesas para que seja cumpridas todas as obriga\u00e7\u00f5es financeiras e fiscais, gerando uma previsibilidade financeira, contas em dia e cumprimento da legisla\u00e7\u00e3o.<\/p><\/div><\/div>\t\t<\/div>\n\t\t\t\t<\/div>\n\t\t\t\t<div class=\"elementor-element elementor-element-cd7a0c6 elementor-widget__width-initial elementor-widget-tablet__width-initial elementor-widget-mobile__width-inherit elementor-position-top elementor-vertical-align-top elementor-widget elementor-widget-image-box\" data-id=\"cd7a0c6\" data-element_type=\"widget\" data-widget_type=\"image-box.default\">\n\t\t\t\t<div class=\"elementor-widget-container\">\n\t\t\t<div class=\"elementor-image-box-wrapper\"><figure class=\"elementor-image-box-img\"><img loading=\"lazy\" decoding=\"async\" width=\"600\" height=\"341\" src=\"https:\/\/admprosyndic.com.br\/wp-content\/uploads\/2022\/11\/acordo.png\" class=\"attachment-full size-full\" alt=\"\" \/><\/figure><div class=\"elementor-image-box-content\"><h4 class=\"elementor-image-box-title\">Gest\u00e3o de Cobran\u00e7as<\/h4><p class=\"elementor-image-box-description\">Pr\u00e1ticas voltadas para o aumento da receita do condom\u00ednio, com r\u00e9gua de cobran\u00e7a semanal via e-mail, aplicativo e WhatsApp. <\/p><\/div><\/div>\t\t<\/div>\n\t\t\t\t<\/div>\n\t\t\t\t<div class=\"elementor-element elementor-element-56af1c9 elementor-widget__width-initial elementor-widget-tablet__width-initial elementor-widget-mobile__width-inherit elementor-position-top elementor-vertical-align-top elementor-widget elementor-widget-image-box\" data-id=\"56af1c9\" data-element_type=\"widget\" data-widget_type=\"image-box.default\">\n\t\t\t\t<div class=\"elementor-widget-container\">\n\t\t\t<div class=\"elementor-image-box-wrapper\"><figure class=\"elementor-image-box-img\"><img loading=\"lazy\" decoding=\"async\" width=\"600\" height=\"341\" src=\"https:\/\/admprosyndic.com.br\/wp-content\/uploads\/2022\/11\/IZ.png\" class=\"attachment-full size-full\" alt=\"\" \/><\/figure><div class=\"elementor-image-box-content\"><h4 class=\"elementor-image-box-title\">Inadimpl\u00eancia Zero<\/h4><p class=\"elementor-image-box-description\">Um servi\u00e7o financeiro que garante 100% da receita do condom\u00ednio todos os meses, acabando com os problemas causados pela inadimpl\u00eancia.<\/p><\/div><\/div>\t\t<\/div>\n\t\t\t\t<\/div>\n\t\t\t\t<div class=\"elementor-element elementor-element-ff6dc9f elementor-widget__width-initial elementor-widget-tablet__width-initial elementor-widget-mobile__width-inherit elementor-position-top elementor-vertical-align-top elementor-widget elementor-widget-image-box\" data-id=\"ff6dc9f\" data-element_type=\"widget\" data-widget_type=\"image-box.default\">\n\t\t\t\t<div class=\"elementor-widget-container\">\n\t\t\t<div class=\"elementor-image-box-wrapper\"><figure class=\"elementor-image-box-img\"><img loading=\"lazy\" decoding=\"async\" width=\"600\" height=\"341\" src=\"https:\/\/admprosyndic.com.br\/wp-content\/uploads\/2022\/11\/SEGUROC.png\" class=\"attachment-full size-full\" alt=\"\" \/><\/figure><div class=\"elementor-image-box-content\"><h4 class=\"elementor-image-box-title\">Seguro Condominial<\/h4><p class=\"elementor-image-box-description\">Garanta que seu condom\u00ednio esteja sempre protegido com o seguro condominial obrigat\u00f3rio e ainda tenha o dimensionamento correto das coberturas nas cota\u00e7\u00f5es.<\/p><\/div><\/div>\t\t<\/div>\n\t\t\t\t<\/div>\n\t\t\t\t<div class=\"elementor-element elementor-element-04360d3 elementor-widget__width-initial elementor-widget-tablet__width-initial elementor-widget-mobile__width-inherit elementor-position-top elementor-vertical-align-top elementor-widget elementor-widget-image-box\" data-id=\"04360d3\" data-element_type=\"widget\" data-widget_type=\"image-box.default\">\n\t\t\t\t<div class=\"elementor-widget-container\">\n\t\t\t<div class=\"elementor-image-box-wrapper\"><figure class=\"elementor-image-box-img\"><img loading=\"lazy\" decoding=\"async\" width=\"600\" height=\"341\" src=\"https:\/\/admprosyndic.com.br\/wp-content\/uploads\/2022\/11\/MEDIACAO.png\" class=\"attachment-full size-full\" alt=\"\" \/><\/figure><div class=\"elementor-image-box-content\"><h4 class=\"elementor-image-box-title\">Resolu\u00e7\u00e3o de Conflitos\/Media\u00e7\u00e3o<\/h4><p class=\"elementor-image-box-description\">Com o objetivo de facilitar o di\u00e1logo entre os moradores, na busca por um acordo satisfat\u00f3rio para as partes, amenizando reclama\u00e7\u00f5es que possam resultar em lit\u00edgios.<\/p><\/div><\/div>\t\t<\/div>\n\t\t\t\t<\/div>\n\t\t\t\t<div class=\"elementor-element elementor-element-e96127e elementor-widget__width-initial elementor-widget-tablet__width-initial elementor-widget-mobile__width-inherit elementor-position-top elementor-vertical-align-top elementor-widget elementor-widget-image-box\" data-id=\"e96127e\" data-element_type=\"widget\" data-widget_type=\"image-box.default\">\n\t\t\t\t<div class=\"elementor-widget-container\">\n\t\t\t<div class=\"elementor-image-box-wrapper\"><figure class=\"elementor-image-box-img\"><img loading=\"lazy\" decoding=\"async\" width=\"600\" height=\"341\" src=\"https:\/\/admprosyndic.com.br\/wp-content\/uploads\/2022\/11\/GCONTRATOS-1.png\" class=\"attachment-full size-full\" alt=\"\" \/><\/figure><div class=\"elementor-image-box-content\"><h4 class=\"elementor-image-box-title\">Gest\u00e3o de Contratos<\/h4><p class=\"elementor-image-box-description\">Ficamos respons\u00e1veis pela organiza\u00e7\u00e3o do relacionamento profissional do condom\u00ednio com fornecedores, prestadores de servi\u00e7os e outros, al\u00e9m de gerenciar todo ciclo de vida de cada contrato.<\/p><\/div><\/div>\t\t<\/div>\n\t\t\t\t<\/div>\n\t\t\t\t<div class=\"elementor-element elementor-element-24b722c elementor-widget__width-initial elementor-widget-tablet__width-initial elementor-widget-mobile__width-inherit elementor-position-top elementor-vertical-align-top elementor-widget elementor-widget-image-box\" data-id=\"24b722c\" data-element_type=\"widget\" data-widget_type=\"image-box.default\">\n\t\t\t\t<div class=\"elementor-widget-container\">\n\t\t\t<div class=\"elementor-image-box-wrapper\"><figure class=\"elementor-image-box-img\"><img loading=\"lazy\" decoding=\"async\" width=\"600\" height=\"341\" src=\"https:\/\/admprosyndic.com.br\/wp-content\/uploads\/2022\/11\/GMANUTENCAO.png\" class=\"attachment-full size-full\" alt=\"\" \/><\/figure><div class=\"elementor-image-box-content\"><h4 class=\"elementor-image-box-title\">Gest\u00e3o de Manuten\u00e7\u00f5es<\/h4><p class=\"elementor-image-box-description\">Planejamento da manuten\u00e7\u00e3o preventiva, monitoramento de manuten\u00e7\u00e3o corretiva, organiza\u00e7\u00e3o e controle da agenda da equipe.<\/p><\/div><\/div>\t\t<\/div>\n\t\t\t\t<\/div>\n\t\t\t\t<div class=\"elementor-element elementor-element-748336b elementor-widget__width-initial elementor-widget-tablet__width-initial elementor-widget-mobile__width-inherit elementor-position-top elementor-vertical-align-top elementor-widget elementor-widget-image-box\" data-id=\"748336b\" data-element_type=\"widget\" data-widget_type=\"image-box.default\">\n\t\t\t\t<div class=\"elementor-widget-container\">\n\t\t\t<div class=\"elementor-image-box-wrapper\"><figure class=\"elementor-image-box-img\"><img loading=\"lazy\" decoding=\"async\" width=\"600\" height=\"341\" src=\"https:\/\/admprosyndic.com.br\/wp-content\/uploads\/2022\/11\/ANORMAS.png\" class=\"attachment-full size-full\" alt=\"\" \/><\/figure><div class=\"elementor-image-box-content\"><h4 class=\"elementor-image-box-title\">Aplica\u00e7\u00e3o de Leis e Normas vigentes<\/h4><p class=\"elementor-image-box-description\">Assessoria ao s\u00edndico e aos cond\u00f4minos para que cada um entenda seu papel dentro do condom\u00ednio. Atualiza\u00e7\u00f5es no regimento interno e Conven\u00e7\u00e3o, bem como todo acompanhamento e registros de notifica\u00e7\u00f5es, advert\u00eancias e aplica\u00e7\u00e3o de poss\u00edveis multas por infra\u00e7\u00f5es.<\/p><\/div><\/div>\t\t<\/div>\n\t\t\t\t<\/div>\n\t\t\t\t<div class=\"elementor-element elementor-element-4a42c3f elementor-widget__width-initial elementor-widget-tablet__width-initial elementor-widget-mobile__width-inherit elementor-position-top elementor-vertical-align-top elementor-widget elementor-widget-image-box\" data-id=\"4a42c3f\" data-element_type=\"widget\" data-widget_type=\"image-box.default\">\n\t\t\t\t<div class=\"elementor-widget-container\">\n\t\t\t<div class=\"elementor-image-box-wrapper\"><figure class=\"elementor-image-box-img\"><img loading=\"lazy\" decoding=\"async\" width=\"600\" height=\"341\" src=\"https:\/\/admprosyndic.com.br\/wp-content\/uploads\/2022\/11\/implantacao.png\" class=\"attachment-full size-full\" alt=\"\" \/><\/figure><div class=\"elementor-image-box-content\"><h4 class=\"elementor-image-box-title\">Implanta\u00e7\u00e3o de Condom\u00ednios<\/h4><p class=\"elementor-image-box-description\">Assessoria em todos os procedimentos e documenta\u00e7\u00f5es necess\u00e1rias. Elabora\u00e7\u00e3o e participa\u00e7\u00e3o na Assembleia de Implanta\u00e7\u00e3o, previs\u00e3o or\u00e7ament\u00e1ria de receitas e despesas, e muito mais.<\/p><\/div><\/div>\t\t<\/div>\n\t\t\t\t<\/div>\n\t\t\t\t\t<\/div>\n\t\t<\/div>\n\t\t\t\t\t\t\t<\/div>\n\t\t<\/section>\n\t\t\t\t<section class=\"elementor-section elementor-top-section elementor-element elementor-element-fdb1e5e elementor-section-boxed elementor-section-height-default elementor-section-height-default\" data-id=\"fdb1e5e\" data-element_type=\"section\" data-settings=\"{&quot;shape_divider_top&quot;:&quot;opacity-tilt&quot;,&quot;background_background&quot;:&quot;classic&quot;}\">\n\t\t\t\t\t\t\t<div class=\"elementor-background-overlay\"><\/div>\n\t\t\t\t\t\t<div class=\"elementor-shape elementor-shape-top\" data-negative=\"false\">\n\t\t\t<svg xmlns=\"http:\/\/www.w3.org\/2000\/svg\" viewBox=\"0 0 2600 131.1\" preserveAspectRatio=\"none\">\n\t<path class=\"elementor-shape-fill\" d=\"M0 0L2600 0 2600 69.1 0 0z\"\/>\n\t<path class=\"elementor-shape-fill\" style=\"opacity:0.5\" d=\"M0 0L2600 0 2600 69.1 0 69.1z\"\/>\n\t<path class=\"elementor-shape-fill\" style=\"opacity:0.25\" d=\"M2600 0L0 0 0 130.1 2600 69.1z\"\/>\n<\/svg>\t\t<\/div>\n\t\t\t\t\t<div class=\"elementor-container elementor-column-gap-no\">\n\t\t\t\t\t<div class=\"elementor-column elementor-col-100 elementor-top-column elementor-element elementor-element-ad7e385\" data-id=\"ad7e385\" data-element_type=\"column\" data-settings=\"{&quot;background_background&quot;:&quot;gradient&quot;}\">\n\t\t\t<div class=\"elementor-widget-wrap elementor-element-populated\">\n\t\t\t\t\t\t\t\t<div class=\"elementor-element elementor-element-4166dbb elementor-widget elementor-widget-heading\" data-id=\"4166dbb\" data-element_type=\"widget\" data-widget_type=\"heading.default\">\n\t\t\t\t<div class=\"elementor-widget-container\">\n\t\t\t<h6 class=\"elementor-heading-title elementor-size-default\">Saiba mais<\/h6>\t\t<\/div>\n\t\t\t\t<\/div>\n\t\t\t\t<div class=\"elementor-element elementor-element-9924f6e elementor-view-default elementor-vertical-align-top elementor-widget elementor-widget-icon-box\" data-id=\"9924f6e\" data-element_type=\"widget\" data-widget_type=\"icon-box.default\">\n\t\t\t\t<div class=\"elementor-widget-container\">\n\t\t\t<link rel=\"stylesheet\" href=\"https:\/\/admprosyndic.com.br\/wp-content\/plugins\/elementor\/assets\/css\/widget-icon-box.min.css\">\t\t<div class=\"elementor-icon-box-wrapper\">\n\t\t\t\t\t\t<div class=\"elementor-icon-box-content\">\n\t\t\t\t<h2 class=\"elementor-icon-box-title\">\n\t\t\t\t\t<span  >\n\t\t\t\t\t\t<h2 data-elementor-setting-key=\"title\" data-pen-placeholder=\"Digite aqui...\" style=\"font-size: 2.23529rem; font-style: normal; margin-bottom: 0px; outline-style: initial; outline-width: 0px; text-align: start; background-color: rgb(255, 255, 255);\"><br><\/h2>Fale com um consultor\t\t\t\t\t<\/span>\n\t\t\t\t<\/h2>\n\t\t\t\t\t\t\t<\/div>\n\t\t<\/div>\n\t\t\t\t<\/div>\n\t\t\t\t<\/div>\n\t\t\t\t<div class=\"elementor-element elementor-element-59106d2 elementor-align-center elementor-widget elementor-widget-button\" data-id=\"59106d2\" data-element_type=\"widget\" data-widget_type=\"button.default\">\n\t\t\t\t<div class=\"elementor-widget-container\">\n\t\t\t\t\t<div class=\"elementor-button-wrapper\">\n\t\t\t<a href=\"https:\/\/api.whatsapp.com\/send?phone=556721043078&#038;text=Ol%C3%A1%2C%20quero%20um%20or%C3%A7amento%20para%20o%20meu%20condom%C3%ADnio!\" class=\"elementor-button-link elementor-button elementor-size-sm\" role=\"button\">\n\t\t\t\t\t\t<span class=\"elementor-button-content-wrapper\">\n\t\t\t\t\t\t<span class=\"elementor-button-text\">Clique aqui<\/span>\n\t\t<\/span>\n\t\t\t\t\t<\/a>\n\t\t<\/div>\n\t\t\t\t<\/div>\n\t\t\t\t<\/div>\n\t\t\t\t\t<\/div>\n\t\t<\/div>\n\t\t\t\t\t\t\t<\/div>\n\t\t<\/section>\n\t\t\t\t\t\t\t<\/div>\n\t\t","protected":false},"excerpt":{"rendered":"<p>Servi\u00e7os M\u00f3dulos Nossos m\u00f3dulos s\u00e3o montados de acordo com a sua necessidade Gest\u00e3o Administrativa Assessoria personalizada ao s\u00edndico(a)\/presidente e aos cond\u00f4minos\/associados no que diz respeito \u00e0s obriga\u00e7\u00f5es de sua compet\u00eancia estipuladas pela Conven\u00e7\u00e3o de Condom\u00ednio e legisla\u00e7\u00f5es pertinentes. Gest\u00e3o Financeira Com avalia\u00e7\u00e3o e controle das receitas e despesas para que seja cumpridas todas as obriga\u00e7\u00f5es &hellip;<\/p>\n<p class=\"read-more\"> <a class=\"\" href=\"https:\/\/admprosyndic.com.br\/?page_id=25444\"> <span class=\"screen-reader-text\">Services<\/span> Leia mais &raquo;<\/a><\/p>\n","protected":false},"author":1,"featured_media":0,"parent":0,"menu_order":0,"comment_status":"closed","ping_status":"closed","template":"","meta":{"site-sidebar-layout":"no-sidebar","site-content-layout":"page-builder","ast-global-header-display":"","ast-main-header-display":"","ast-hfb-above-header-display":"","ast-hfb-below-header-display":"","ast-hfb-mobile-header-display":"","site-post-title":"disabled","ast-breadcrumbs-content":"disabled","ast-featured-img":"disabled","footer-sml-layout":"","theme-transparent-header-meta":"enabled","adv-header-id-meta":"","stick-header-meta":"","header-above-stick-meta":"","header-main-stick-meta":"","header-below-stick-meta":"","_ti_tpc_template_sync":false,"_ti_tpc_template_id":"","footnotes":""},"class_list":["post-25444","page","type-page","status-publish","hentry"],"_links":{"self":[{"href":"https:\/\/admprosyndic.com.br\/index.php?rest_route=\/wp\/v2\/pages\/25444","targetHints":{"allow":["GET"]}}],"collection":[{"href":"https:\/\/admprosyndic.com.br\/index.php?rest_route=\/wp\/v2\/pages"}],"about":[{"href":"https:\/\/admprosyndic.com.br\/index.php?rest_route=\/wp\/v2\/types\/page"}],"author":[{"embeddable":true,"href":"https:\/\/admprosyndic.com.br\/index.php?rest_route=\/wp\/v2\/users\/1"}],"replies":[{"embeddable":true,"href":"https:\/\/admprosyndic.com.br\/index.php?rest_route=%2Fwp%2Fv2%2Fcomments&post=25444"}],"version-history":[{"count":10,"href":"https:\/\/admprosyndic.com.br\/index.php?rest_route=\/wp\/v2\/pages\/25444\/revisions"}],"predecessor-version":[{"id":25565,"href":"https:\/\/admprosyndic.com.br\/index.php?rest_route=\/wp\/v2\/pages\/25444\/revisions\/25565"}],"wp:attachment":[{"href":"https:\/\/admprosyndic.com.br\/index.php?rest_route=%2Fwp%2Fv2%2Fmedia&parent=25444"}],"curies":[{"name":"wp","href":"https:\/\/api.w.org\/{rel}","templated":true}]}}